{"id":1577,"date":"2022-05-03T08:27:10","date_gmt":"2022-05-03T08:27:10","guid":{"rendered":"https:\/\/better-tomorrow.eu\/o-projekto\/"},"modified":"2022-12-29T14:19:21","modified_gmt":"2022-12-29T14:19:21","slug":"o-projekto","status":"publish","type":"page","link":"https:\/\/better-tomorrow.eu\/rc\/o-projekto\/","title":{"rendered":"O projekto"},"content":{"rendered":"\t\t<div data-elementor-type=\"wp-page\" data-elementor-id=\"1577\" class=\"elementor elementor-1577 elementor-58\">\n\t\t\t\t\t\t<section class=\"elementor-section elementor-top-section elementor-element elementor-element-2fa97749 elementor-section-boxed elementor-section-height-default elementor-section-height-default\" data-id=\"2fa97749\" data-element_type=\"section\">\n\t\t\t\t\t\t<div class=\"elementor-container elementor-column-gap-default\">\n\t\t\t\t\t<div class=\"elementor-column elementor-col-100 elementor-top-column elementor-element elementor-element-6e59a3b0\" data-id=\"6e59a3b0\" data-element_type=\"column\">\n\t\t\t<div class=\"elementor-widget-wrap elementor-element-populated\">\n\t\t\t\t\t\t<div class=\"elementor-element elementor-element-3e6cc00d elementor-widget elementor-widget-text-editor\" data-id=\"3e6cc00d\" data-element_type=\"widget\" data-widget_type=\"text-editor.default\">\n\t\t\t\t<div class=\"elementor-widget-container\">\n\t\t\t<style>\/*! elementor - v3.20.0 - 26-03-2024 *\/\n.elementor-widget-text-editor.elementor-drop-cap-view-stacked .elementor-drop-cap{background-color:#69727d;color:#fff}.elementor-widget-text-editor.elementor-drop-cap-view-framed .elementor-drop-cap{color:#69727d;border:3px solid;background-color:transparent}.elementor-widget-text-editor:not(.elementor-drop-cap-view-default) .elementor-drop-cap{margin-top:8px}.elementor-widget-text-editor:not(.elementor-drop-cap-view-default) .elementor-drop-cap-letter{width:1em;height:1em}.elementor-widget-text-editor .elementor-drop-cap{float:left;text-align:center;line-height:1;font-size:50px}.elementor-widget-text-editor .elementor-drop-cap-letter{display:inline-block}<\/style>\t\t\t\t<p>O Projekto KA2-2020-1-HRO1-KA204-077749 \u010cibjakere kompeticijengo bajrobipe ma\u0161kar e romane nacionalno minoritetija \u2013 \u201eLa\u010deder tosara\u201c si ko tasviri kotar i programa Erasmus + Glavno\u00a0 aktiviteto 2: Strategikane partneriribe kola so implementirinena o projekto si kotar e 4 (\u0161tar ) evropakere thema (Kroacija, Italija, Slovenija thaj Serbija)sa jekhe ciljosar te reslajrel pes d\u017eanibe thaj kompeticije ba\u0161i e romane nacionalno minoriteteski integracija ki lokalno komuniteta, te \u0161aj te resljarel pes e projektesko ciljo kova si o bu\u010daripe(arakibe buti).<\/p>\n<p>Sar ko sako jekh them thaj kidijal vo ko partnerenge thema nane buteder \u010dhibjengero kontento\/sadr\u017eaj\/ te sikljarel e romane nacionalno minoriteten, o projekto ka kerel inovativno online kontento ba\u0161i o sikljovibe thaj ka zurarel e \u010dhibjakere kompentencije.<\/p>\n<p>E projektoskoro rezultato ka ovel i veb platforma e moduloncar kote so e kontentora\/ sadr\u017eaija\/ tematora ka oven kotar jekh rig pe romani \u010dhib, kotar i aver rig pe kroacijaki, slovenijaki, italijaki thaj anglikani \u010dhib.<\/p>\n<p>E projektoskororo ciljo si te den pes inovativno metodija thaj kontekstija e Roma te sikljaren pes ko akava umal\/areja\/ sar te vazden peskere \u010dhibjakere kompetencije. I inovacija ka resljarel pes ko buteder \u010dhibja ki web platforma e multimedijalno konteksteja\/ sadr\u017eaja\/ kola so ka oven kerde ki koperacija ma\u0161kar e sa partnerora ko projekto.<\/p>\n<p>I strategija EU 2020 kerdas identifikacija kaj i edukacija si majbaro faktoro te d\u017eal pes angle ki societa\/dru\u0161tvo\/, inovacija thaj vazdipe, a pala e webesko platformako vazdipe thaj i implementacija kotar informacijaki thaj komunikacijaki tehnologija ka anel pozitivno efekteija ki sasti societa barabutne ko ciljo te hajnarel pes o procento ko bibu\u010daripe.O projekto dela kontribucija thaj vi ko EU-eskero tasviri ba\u0161i e integracijake\u00a0 nacionalno strategije pala e Romane nacionalno minoritetija, kasko ciljo si te kerel pes eliminacija ma\u0161kar e javeripa ma\u0161kar e romani thaj i na-romani populacijako 4(\u0161tar) klejakere umala\/areje\/:edukacija, resljaribe buti,sastipe thaj khera. (Evropakeri komisija , 2011ber\u0161). Te zuraren pes e \u010dhibjakere kompeticije ko Romane nacionalno minoritetija ka anel peso la te oven zureder konkurentno thaj lokeder ka arakhen buti, sar pe lokalno kidijal vi pe internacionalno nivelo, sa kodo anel kontribucija ko integriribe.<\/p>\n<p>Ko oktombro 2017 ber\u0161, o Evropako konsilo akardas sa e edukacijakere thaj treningo sistemon te \u201eadaptirinen pes ki digitalno vrama\/era\/\u201c, d\u017ei kote palem ko majo 2018. ber\u0161 ko Konsileske rekomandacije pala e klejakere kompetencije pala e saste d\u017eivdipaske sikljoviba sine mothovdo kaj e thema membrora trubuj te keren buti te la\u010dharen pes e \u010dhibjakere kompetencije sar ki oficijalno \u010dhib kidijal thaj ko javera \u010dhibja.E projektosar anena pes neve thaj la\u010deder praktike kolencar so perena pes e trubuimata e javere kovle grupenge, teljarindoj o procento ko olengere socijalno-ekonomikane na-jekhipa.<\/p>\n<p>Akava inovativno resljariba te zuraren pes e \u010dhibjakere kompetencije dela kontribucija te teljaren pes\/\u010dhinaven pes\/ o javeripa\/raylike\/ ma\u0161kar e Romane nacionalno minoritetija so si ki bila\u010dhi situacija ko socio-ekonomikano najekhipe.<\/p>\n<p>Pala e dende rekomandacije kotar i komisija EK pala e klejake kompetencije ba\u0161i e sasto d\u017eivdipasko sikljovibe (2018), o najibe kompetencije kola si elemntarno\/bazi\u010dno\/ba\u0161i sukcesivno\/la\u010deder\/participacija ki societa sar vi ko Butikeripasko pazaro vazdela o riziko ko bi-bu\u010daripe, \u010dororipe thaj socijalno ekskluzija, thaj sar so d\u017eala angle o digitalno vazdipe sa buteder astarel o than pe globalno nivelo, \u010dhuvindoj andre o vazdipe pala e informaciono-komunikacijaki tehnologija (IKT) so si majva\u017eno, specijalno ki pureder manu\u0161engi edukacija..<\/p>\n<p>O pale kerdino Evropako programo pala e pureder (EAAL) definirinela o fokuso pala e \u00a0evropsko koperacija va\u0161 e politike pala e purederengi edukacija ko periodo d\u017ei ko 2020. Ber\u0161 sar jekh kotar e pu\u010dimata kolencar so ka legarel pes akava programo dela than te buvljarel pes thaj te ovel reslajrdo kotar e sa pureder manu\u0161a jekhe fleksibilno thaj u\u010de kvalitetno sikljovibaja ko savo te si kotor ko d\u017eivdipasko ber\u0161eskero vakti. Akava prioriteti se adaptirimo kidijal so dela d\u017eevapi te vazden pes e kompetencije e sa manu\u0161enge kotar e sa javera riga so khamen te oven kotor katar e butikheribaja e Romane nacionalno minoriteteja.<\/p>\n<p>Sar so si phendino ko Reporto sar si implementirime e nacionalno strategije ba\u0161i e Romengeri integracija ba\u0161i o 2019. ber\u0161 i EK (Komunikacija ko Komisije, ko Evropako parlamenti thaj ko Konsilo), e kerimata kola si lendine kotar e varesave thema membrura ba\u0161i i edukacija ma\u0161kar e d\u017eene so avena kotar e romane nacionalno minoritetija si kerde ciljosar te la\u010dharen i edukacija, te maren pes mamuj mukibe i \u0161hkola, te den motiviribe ba\u0161i d\u017eaibe dureder ki edukacija, thaj agorisarel pes i ma\u0161karutni \u0161kola thaj fakulteto ja palem dela \u0161aipen te agorisarel pes o na-agosardi edukacija ja pale i bila\u010dhi situacija, akcentosar pe kerimata ba\u0161i desegregacija. O reporto phenela o majva\u017eno tematora sar so si e umala pala o arakibe buti sar so si deibe efikasno nakavibe kotar i edukacija ko putardo butikeribasko pazaro, maribe mamuj i diskriminacija kerdi kotar e manu\u0161a so dena (gazed) buti, thaj dela vi kerela balanso ma\u0161kar o deibe thaj rodipe buti pala e bu\u010darne thana (specijalno ma\u0161kar e terne Romen kolen so naj len buti, edukacija ja pale treningo).<\/p>\n<p>&nbsp;<\/p>\n<ul>\n<li>E projektesko konzorcijum kedela ko jekh than eksperton kola so ko akava umal kerena buti e Romencar thaj isi olen:<br \/>\nbuteder ber\u0161engeri eksperiensa ki edukacija thaj pind\u017earipe pala e romane nacionalno minoritetija kote so o ciljno grupe si: Baja\u0161i, Sinti thaj javera romane grupe<br \/>\n\u0160tar partnersko organizacije kola so dena buti e Romenge thaj olengeri dajakeri \u010dhib si romani, isi olen fakulteti pe \u010dhibja kotar e thema partnerora involvirime ko proekti, isi olen klejakere d\u017eaniba ba\u0161i o vazdipe e buteder \u010dhibjakere platformaja.<\/li>\n<\/ul>\n<p>E implementacijaja pe akava projekto ka resljaren pes akala intelektualno rezultatija:<\/p>\n<ul>\n<li>Reporto pala e trubuimata thaj rekomandacije ba\u0161i e web\u00a0 platformako kontento\/sadr\u017eaj\/<\/li>\n<li>Inovativno web platforma e buteder \u010dhibejngere modulencar sar te sikljovel pes i \u010dhib..<\/li>\n<\/ul>\n<p>Glavno projekteskere aktivitetija si:<\/p>\n<ul>\n<li>Te kerel pes rodipe pala e trubuimatar.<\/li>\n<li>Vazdimo sikljovibasko plano buvle vazdime konteksteja \/sadr\u017eajem\/ thaj e tematoncar kola so ka den \u0161aipe e ciljno grupenge lokeder resljaribe d\u017ei ko butikeripaskoro pazari, thaj kodo ka ovel vazdimo pe italijaki, slovenijaki, srbijaki thaj anglikani \u010dhib.<\/li>\n<li>Treningo ba\u0161i 10 ekspertora kola so ka vazden peskere kompetencije ba\u0161i keribe buti e Romencar<\/li>\n<li>Ka implementirinel pes treningo e manu\u0161enge so ka oven kotor \/ka len than \/ki akaja nevi kerdini web platforma ba\u0161i e \u010dhibjakoro sikljovibe.<\/li>\n<li>Organizirime khedina e multiplikacijakere efektoja<\/li>\n<li>Transnacionalno partnerengere khedina<\/li>\n<\/ul>\n<p>&nbsp;<\/p>\n<p>O projekto ka resljarel akala ciljeske grupe:<\/p>\n<ul>\n<li>10 ekspertora kola so kerena buti e romane nacionalno minoritetencar kola so ka oven involvirime te keren o rodipe, treningo e manu\u0161enge kola si pangle e vazdipaja thaj inovativno web platformaja te zuraren e \u010dhibjakere kompentencije.<\/li>\n<li>Bigavernoske thaj gavernoske organizacije thaj asocijacije kola so kerena buti e romane phu\u010dimasar, interesirime riga ko edukacijakero sektoro pala e purederengi edukacija.<\/li>\n<\/ul>\n<p>&nbsp;<\/p>\n<ul>\n<li>Manu\u0161a kasko avipen si kotar o romano nacionalno minoriteto kova so si \u010dhuvdo ko rodipe, thaj 50 d\u017eene involvirime ko pilot projektesko programako implementiribe<\/li>\n<li>100 participantora\/d\u017eene\/ki manifestacijako khedin e butvar kerdnine efektoja \u201eKhedin pala i promocija pe inovativno metodija thaj sikljovibe pala e \u010dhibjakere kompentencije\u201c; reprezentantora kotar e gavernoske thaj na-gavernoske organizacije thaj asocijacije kola so kerena buti pe romane phu\u010dipena, akterija ko edukacijakero sektoro ba\u0161i e phureder bareder manu\u0161engi edukacija.<\/li>\n<\/ul>\n<p>Te oven sigurno resljarde e rezultatija kotar e implementirime projektoskere aktivitetija thaj e projekteskere buvljaribaja, pe rodipaskere rezultatija thaj pe inovativno web platforma ka ovel kerdi translacija thaj vi pe anglikani \u010dhib, a o konteksto\/ sadr\u017eaj\/ ka ovel bilovengo adaptirimo ko smart telefonija.<\/p>\n<p>O na-jekhipe ma\u0161kar e romane nacionalno minoritetija ki olengeri socijalno thaj ekonomikani participacija ki komperacija e javere populacijaja si darhin\/koreno\/ so avela durmutan sar terdino socijalno problemo pangle e \u010dororipaja, tikne edukacijaja, baro bibu\u010daripaja, na-adekvatno d\u017eivdipaskere kondicijencar thaj kerencar barabutne e diskriminacijaja ko buteder d\u017eivdipaskere umalencar, specijalno ko umal te ovel resljardo o butikeripaskero marketo.<\/p>\n<p>Sar so phenel i Evropaki Komisija, e Roma si e majbaro minoriteto ki Evropa thaj genel kotar 10 d\u017ei ko 12 milionija, numa ki Evropaki unija isi pa\u0161e 6 milionija, buteder olendar resljarena themutno lil kotar o them kote so d\u017eivdinena, numa vi pali adava von si viktime kotar e prejudicije thaj i diskriminacija, vi pala o fakto so i Evropaki Unija stopuisarda \/na dela \/ te kerel pes diskriminacija. O lafi Roma, kova so lela pes andre ko akava projekto thaj ko javera dokumentija si panle e upre vakerde minoritetencar, numa si vi pe aver grupe Roma, bizi diferencija \/javeripe\/ pala olengero avutnipe (Roma, A\u0161kalije, Sinti, Boja\u0161i \u2026).<\/p>\n\t\t\t\t\t\t<\/div>\n\t\t\t\t<\/div>\n\t\t\t\t\t<\/div>\n\t\t<\/div>\n\t\t\t\t\t<\/div>\n\t\t<\/section>\n\t\t\t\t<\/div>\n\t\t","protected":false},"excerpt":{"rendered":"<p>O Projekto KA2-2020-1-HRO1-KA204-077749 \u010cibjakere kompeticijengo bajrobipe ma\u0161kar e romane nacionalno minoritetija \u2013 \u201eLa\u010deder tosara\u201c si ko tasviri kotar i programa Erasmus + Glavno\u00a0 aktiviteto 2: Strategikane partneriribe kola so implementirinena o projekto si kotar e 4 (\u0161tar ) evropakere thema (Kroacija, Italija, Slovenija thaj Serbija)sa jekhe ciljosar te reslajrel pes d\u017eanibe thaj kompeticije ba\u0161i e [&hellip;]<\/p>\n","protected":false},"author":1,"featured_media":0,"parent":0,"menu_order":1,"comment_status":"closed","ping_status":"closed","template":"elementor_theme","meta":{"footnotes":""},"class_list":["post-1577","page","type-page","status-publish","hentry"],"_links":{"self":[{"href":"https:\/\/better-tomorrow.eu\/rc\/wp-json\/wp\/v2\/pages\/1577","targetHints":{"allow":["GET"]}}],"collection":[{"href":"https:\/\/better-tomorrow.eu\/rc\/wp-json\/wp\/v2\/pages"}],"about":[{"href":"https:\/\/better-tomorrow.eu\/rc\/wp-json\/wp\/v2\/types\/page"}],"author":[{"embeddable":true,"href":"https:\/\/better-tomorrow.eu\/rc\/wp-json\/wp\/v2\/users\/1"}],"replies":[{"embeddable":true,"href":"https:\/\/better-tomorrow.eu\/rc\/wp-json\/wp\/v2\/comments?post=1577"}],"version-history":[{"count":2,"href":"https:\/\/better-tomorrow.eu\/rc\/wp-json\/wp\/v2\/pages\/1577\/revisions"}],"predecessor-version":[{"id":2673,"href":"https:\/\/better-tomorrow.eu\/rc\/wp-json\/wp\/v2\/pages\/1577\/revisions\/2673"}],"wp:attachment":[{"href":"https:\/\/better-tomorrow.eu\/rc\/wp-json\/wp\/v2\/media?parent=1577"}],"curies":[{"name":"wp","href":"https:\/\/api.w.org\/{rel}","templated":true}]}}